{"id":5259,"date":"2013-07-25T12:42:27","date_gmt":"2013-07-25T11:42:27","guid":{"rendered":"http:\/\/www.gitaarsalon.nl\/masterclass-5\/"},"modified":"2015-08-26T13:10:07","modified_gmt":"2015-08-26T12:10:07","slug":"masterclasses","status":"publish","type":"page","link":"https:\/\/gitaarsalon.nl\/en\/masterclasses\/","title":{"rendered":"Masterclasses"},"content":{"rendered":"<div id='layer_slider_1'  class='avia-layerslider main_color avia-shadow  avia-builder-el-0  el_before_av_one_full  avia-builder-el-first  container_wrap fullsize'  style='height: 453px;'  ><\/div><div id='after_layer_slider_1'  class='main_color av_default_container_wrap container_wrap fullsize'  ><div class='container av-section-cont-open' ><div class='template-page content  av-content-full alpha units'><div class='post-entry post-entry-type-page post-entry-5259'><div class='entry-content-wrapper clearfix'>\n<div  class='flex_column av-av_one_full-2a9015ff38129c418a3f2eafba3e9512 av_one_full  avia-builder-el-1  el_after_av_layerslider  el_before_av_one_half  avia-builder-el-first  first flex_column_div  '     ><style type=\"text\/css\" data-created_by=\"avia_inline_auto\" id=\"style-css-av-av_heading-a79f1d058173e3ac54d9da334774286a\">\n#top .av-special-heading.av-av_heading-a79f1d058173e3ac54d9da334774286a{\npadding-bottom:10px;\n}\nbody .av-special-heading.av-av_heading-a79f1d058173e3ac54d9da334774286a .av-special-heading-tag .heading-char{\nfont-size:25px;\n}\n.av-special-heading.av-av_heading-a79f1d058173e3ac54d9da334774286a .av-subheading{\nfont-size:15px;\n}\n<\/style>\n<div  class='av-special-heading av-av_heading-a79f1d058173e3ac54d9da334774286a av-special-heading-h3  avia-builder-el-2  avia-builder-el-no-sibling '><h3 class='av-special-heading-tag '  itemprop=\"headline\"  >Masterclasses <span class='special_amp'>&amp;<\/span> Workshops<\/h3><div class=\"special-heading-border\"><div class=\"special-heading-inner-border\"><\/div><\/div><\/div><\/div>\n<div  class='flex_column av-av_one_half-2a9015ff38129c418a3f2eafba3e9512 av_one_half  avia-builder-el-3  el_after_av_one_full  el_before_av_one_fourth  first flex_column_div  column-top-margin'     ><p><section  class='av_textblock_section av-av_textblock-35972167d9f102c5ddaec0c531c98b9e '   itemscope=\"itemscope\" itemtype=\"https:\/\/schema.org\/CreativeWork\" ><div class='avia_textblock'  itemprop=\"text\" ><p><strong>Saturday June 20:<\/strong><\/p>\n<ul>\n<li><strong>Masterclass\u00a0<a href=\"http:\/\/www.eotvos.net\" target=\"_blank\" rel=\"noopener\">J\u00f3zsef E\u00f6tv\u00f6s<\/a>\u00a0(Hungary)<\/strong>, in his master courses, which concentrate on Baroque and chamber music, he carries out excellent musical\/pedagogical activities. He is a regular jury member of international guitar competitions and the artistic leader of the International Guitar Festival in Esztergom and the Balatonfured International Guitar Festival. In his concerts, besides his own masterpieces and arrangements, the popularization of 20th century and contemporary Hungarian music plays an important role.<\/li>\n<\/ul>\n<p>This masterclass costs 30 euros per 30 minutes, and will take place at the GitaarSalon in Enkhuizen. <a href=\"http:\/\/www.gitaarsalon.nl\/reserveren\/\" target=\"_blank\" rel=\"noopener\">Sign Up<\/a>.<\/p>\n<\/div><\/section><br \/>\n\n<style type=\"text\/css\" data-created_by=\"avia_inline_auto\" id=\"style-css-av-av_image-e684847248226afbf0633f2340f82ede\">\n.avia-image-container.av-av_image-e684847248226afbf0633f2340f82ede img.avia_image{\nbox-shadow:none;\n}\n.avia-image-container.av-av_image-e684847248226afbf0633f2340f82ede .av-image-caption-overlay-center{\ncolor:#ffffff;\n}\n<\/style>\n<div  class='avia-image-container av-av_image-e684847248226afbf0633f2340f82ede av-styling- avia-align-left  avia-builder-el-5  el_after_av_textblock  avia-builder-el-last '   itemprop=\"image\" itemscope=\"itemscope\" itemtype=\"https:\/\/schema.org\/ImageObject\" ><div class=\"avia-image-container-inner\"><div class=\"avia-image-overlay-wrap\"><img decoding=\"async\" fetchpriority=\"high\" class='wp-image- avia-img-lazy-loading-not- avia_image ' src=\"http:\/\/www.gitaarsalon.nl\/wp-content\/uploads\/2013\/07\/EotvosJ.jpg\" alt='' title=''   itemprop=\"thumbnailUrl\"  \/><\/div><\/div><\/div><\/p><\/div>\n\n<style type=\"text\/css\" data-created_by=\"avia_inline_auto\" id=\"style-css-av-av_one_fourth-2a64de42b738552fe666ca889af77e28\">\n.flex_column.av-av_one_fourth-2a64de42b738552fe666ca889af77e28{\nborder-radius:0px 0px 0px 0px;\npadding:0px 0px 0px 0px;\n}\n<\/style>\n<div  class='flex_column av-av_one_fourth-2a64de42b738552fe666ca889af77e28 av_one_fourth  avia-builder-el-6  el_after_av_one_half  el_before_av_one_fourth  flex_column_div av-zero-column-padding  column-top-margin'     ><p><section  class='av_textblock_section av-av_textblock-35972167d9f102c5ddaec0c531c98b9e '   itemscope=\"itemscope\" itemtype=\"https:\/\/schema.org\/CreativeWork\" ><div class='avia_textblock'  itemprop=\"text\" ><p><strong>Sunday June 21<\/strong><\/p>\n<ul>\n<li><strong>Tango guitar workshop by Kay Sleking<\/strong><\/li>\n<\/ul>\n<\/div><\/section><br \/>\n\n<style type=\"text\/css\" data-created_by=\"avia_inline_auto\" id=\"style-css-av-av_image-5518cce79a32b8a1aad7a9c057649381\">\n.avia-image-container.av-av_image-5518cce79a32b8a1aad7a9c057649381 img.avia_image{\nbox-shadow:none;\n}\n.avia-image-container.av-av_image-5518cce79a32b8a1aad7a9c057649381 .av-image-caption-overlay-center{\ncolor:#ffffff;\n}\n<\/style>\n<div  class='avia-image-container av-av_image-5518cce79a32b8a1aad7a9c057649381 av-styling- avia-align-center  avia-builder-el-8  el_after_av_textblock  avia-builder-el-last '   itemprop=\"image\" itemscope=\"itemscope\" itemtype=\"https:\/\/schema.org\/ImageObject\" ><div class=\"avia-image-container-inner\"><div class=\"avia-image-overlay-wrap\"><img decoding=\"async\" fetchpriority=\"high\" class='wp-image- avia-img-lazy-loading-not- avia_image ' src=\"http:\/\/www.gitaarsalon.nl\/wp-content\/uploads\/2013\/07\/Kay-sleking.jpg\" alt='' title=''   itemprop=\"thumbnailUrl\"  \/><\/div><\/div><\/div><\/p><\/div>\n\n<style type=\"text\/css\" data-created_by=\"avia_inline_auto\" id=\"style-css-av-av_one_fourth-2a64de42b738552fe666ca889af77e28\">\n.flex_column.av-av_one_fourth-2a64de42b738552fe666ca889af77e28{\nborder-radius:0px 0px 0px 0px;\npadding:0px 0px 0px 0px;\n}\n<\/style>\n<div  class='flex_column av-av_one_fourth-2a64de42b738552fe666ca889af77e28 av_one_fourth  avia-builder-el-9  el_after_av_one_fourth  el_before_av_hr  flex_column_div av-zero-column-padding  column-top-margin'     ><p><section  class='av_textblock_section av-av_textblock-35972167d9f102c5ddaec0c531c98b9e '   itemscope=\"itemscope\" itemtype=\"https:\/\/schema.org\/CreativeWork\" ><div class='avia_textblock'  itemprop=\"text\" ><p><strong>Saturday June 20:<\/strong><\/p>\n<ul>\n<li><strong>Masterclass\u00a0Michel Haumont\u00a0(France)<\/strong>.\u00a0Michel Haumont is a\u00a0fingerstyle guitarist from the Chet Atkins and\u00a0Marcel Dadi school. What makes his compositions unique is their melodiousness. His virtuosity never overshadows the strong, mellifluous tonality of his pieces.<\/li>\n<\/ul>\n<p>This masterclass costs 30 euros per 30 minutes, and will take place at the GitaarSalon in Enkhuizen<\/p>\n<\/div><\/section><br \/>\n\n<style type=\"text\/css\" data-created_by=\"avia_inline_auto\" id=\"style-css-av-av_image-77de447ff17e1b7604761bf03cb2af3c\">\n.avia-image-container.av-av_image-77de447ff17e1b7604761bf03cb2af3c img.avia_image{\nbox-shadow:none;\n}\n.avia-image-container.av-av_image-77de447ff17e1b7604761bf03cb2af3c .av-image-caption-overlay-center{\ncolor:#ffffff;\n}\n<\/style>\n<div  class='avia-image-container av-av_image-77de447ff17e1b7604761bf03cb2af3c av-styling- avia-align-left  avia-builder-el-11  el_after_av_textblock  avia-builder-el-last '   itemprop=\"image\" itemscope=\"itemscope\" itemtype=\"https:\/\/schema.org\/ImageObject\" ><div class=\"avia-image-container-inner\"><div class=\"avia-image-overlay-wrap\"><img decoding=\"async\" fetchpriority=\"high\" class='wp-image- avia-img-lazy-loading-not- avia_image ' src=\"http:\/\/www.gitaarsalon.nl\/wp-content\/uploads\/2013\/07\/Michel-Haumont-3.jpg\" alt='' title=''   itemprop=\"thumbnailUrl\"  \/><\/div><\/div><\/div><\/p><\/div>\n<div  class='hr av-av_hr-d3021aff4e2c88ff75459fd6b3a45a12 hr-default  avia-builder-el-12  el_after_av_one_fourth  el_before_av_one_half '><span class='hr-inner '><span class=\"hr-inner-style\"><\/span><\/span><\/div>\n<div  class='flex_column av-av_one_half-2a9015ff38129c418a3f2eafba3e9512 av_one_half  avia-builder-el-13  el_after_av_hr  el_before_av_one_half  first flex_column_div  '     ><div  class='avia-slideshow av-av_slideshow-7066f15462ff0bc16f5c64fb5c8df51f avia-slideshow-featured av_slideshow avia-fade-slider  avia-builder-el-14  avia-builder-el-no-sibling  av-slideshow-ui av-slideshow-autoplay av-loop-endless av-loop-manual-endless av-default-height-applied avia-slideshow-1' data-slideshow-options=\"{&quot;animation&quot;:&quot;fade&quot;,&quot;autoplay&quot;:true,&quot;loop_autoplay&quot;:&quot;endless&quot;,&quot;interval&quot;:3,&quot;loop_manual&quot;:&quot;manual-endless&quot;,&quot;autoplay_stopper&quot;:false,&quot;noNavigation&quot;:false,&quot;bg_slider&quot;:false,&quot;keep_padding&quot;:false,&quot;hoverpause&quot;:false,&quot;show_slide_delay&quot;:0}\"  itemprop=\"image\" itemscope=\"itemscope\" itemtype=\"https:\/\/schema.org\/ImageObject\" ><ul class='avia-slideshow-inner ' style='padding-bottom: 28.666666666667%;'><\/ul><\/div><\/div>\n\n<style type=\"text\/css\" data-created_by=\"avia_inline_auto\" id=\"style-css-av-av_one_half-2a64de42b738552fe666ca889af77e28\">\n.flex_column.av-av_one_half-2a64de42b738552fe666ca889af77e28{\nborder-radius:0px 0px 0px 0px;\npadding:0px 0px 0px 0px;\n}\n<\/style>\n<div  class='flex_column av-av_one_half-2a64de42b738552fe666ca889af77e28 av_one_half  avia-builder-el-15  el_after_av_one_half  avia-builder-el-last  flex_column_div av-zero-column-padding  '     ><section  class='av_textblock_section av-av_textblock-35972167d9f102c5ddaec0c531c98b9e '   itemscope=\"itemscope\" itemtype=\"https:\/\/schema.org\/CreativeWork\" ><div class='avia_textblock'  itemprop=\"text\" ><p><strong>When organizing workshops and masterclasses, we always look to collaborate with other parties, or serve a specific target group..<\/strong><\/p>\n<ul>\n<li>Every second quarter, we organize an orchestra workshop taught by Peter Constant of the Stichting Gitaar Orkest Nederland, as preparation for the Guitar Festival in June.<\/li>\n<li>We strive to book at least one internationally renowned guitarist for a masterclass per annum, hoping to attract music academy students, and other enthusiasts from more distant parts of the country.<\/li>\n<li>In order to anticipate interest, we try to combine workshops and masterclasses with concerts that have already been programmed.<\/li>\n<\/ul>\n<\/div><\/section><\/div>\n","protected":false},"excerpt":{"rendered":"","protected":false},"author":42,"featured_media":0,"parent":0,"menu_order":0,"comment_status":"closed","ping_status":"closed","template":"","meta":{"footnotes":""},"class_list":["post-5259","page","type-page","status-publish","hentry"],"yoast_head":"<!-- This site is optimized with the Yoast SEO plugin v26.6 - https:\/\/yoast.com\/wordpress\/plugins\/seo\/ -->\n<title>Masterclasses - Gitaarsalon<\/title>\n<meta name=\"robots\" content=\"index, follow, max-snippet:-1, max-image-preview:large, max-video-preview:-1\" \/>\n<link rel=\"canonical\" href=\"https:\/\/gitaarsalon.nl\/en\/masterclasses\/\" \/>\n<meta property=\"og:locale\" content=\"en_US\" \/>\n<meta property=\"og:type\" content=\"article\" \/>\n<meta property=\"og:title\" content=\"Masterclasses - Gitaarsalon\" \/>\n<meta property=\"og:url\" content=\"https:\/\/gitaarsalon.nl\/en\/masterclasses\/\" \/>\n<meta property=\"og:site_name\" content=\"Gitaarsalon\" \/>\n<meta property=\"article:modified_time\" content=\"2015-08-26T12:10:07+00:00\" \/>\n<meta name=\"twitter:label1\" content=\"Est. reading time\" \/>\n\t<meta name=\"twitter:data1\" content=\"4 minutes\" \/>\n<script type=\"application\/ld+json\" class=\"yoast-schema-graph\">{\"@context\":\"https:\/\/schema.org\",\"@graph\":[{\"@type\":\"WebPage\",\"@id\":\"https:\/\/gitaarsalon.nl\/en\/masterclasses\/\",\"url\":\"https:\/\/gitaarsalon.nl\/en\/masterclasses\/\",\"name\":\"Masterclasses - Gitaarsalon\",\"isPartOf\":{\"@id\":\"https:\/\/gitaarsalon.nl\/#website\"},\"datePublished\":\"2013-07-25T11:42:27+00:00\",\"dateModified\":\"2015-08-26T12:10:07+00:00\",\"breadcrumb\":{\"@id\":\"https:\/\/gitaarsalon.nl\/en\/masterclasses\/#breadcrumb\"},\"inLanguage\":\"en-US\",\"potentialAction\":[{\"@type\":\"ReadAction\",\"target\":[\"https:\/\/gitaarsalon.nl\/en\/masterclasses\/\"]}]},{\"@type\":\"BreadcrumbList\",\"@id\":\"https:\/\/gitaarsalon.nl\/en\/masterclasses\/#breadcrumb\",\"itemListElement\":[{\"@type\":\"ListItem\",\"position\":1,\"name\":\"Home\",\"item\":\"https:\/\/gitaarsalon.nl\/en\/home\/\"},{\"@type\":\"ListItem\",\"position\":2,\"name\":\"Masterclasses\"}]},{\"@type\":\"WebSite\",\"@id\":\"https:\/\/gitaarsalon.nl\/#website\",\"url\":\"https:\/\/gitaarsalon.nl\/\",\"name\":\"Gitaarsalon\",\"description\":\"\",\"potentialAction\":[{\"@type\":\"SearchAction\",\"target\":{\"@type\":\"EntryPoint\",\"urlTemplate\":\"https:\/\/gitaarsalon.nl\/?s={search_term_string}\"},\"query-input\":{\"@type\":\"PropertyValueSpecification\",\"valueRequired\":true,\"valueName\":\"search_term_string\"}}],\"inLanguage\":\"en-US\"}]}<\/script>\n<!-- \/ Yoast SEO plugin. -->","yoast_head_json":{"title":"Masterclasses - Gitaarsalon","robots":{"index":"index","follow":"follow","max-snippet":"max-snippet:-1","max-image-preview":"max-image-preview:large","max-video-preview":"max-video-preview:-1"},"canonical":"https:\/\/gitaarsalon.nl\/en\/masterclasses\/","og_locale":"en_US","og_type":"article","og_title":"Masterclasses - Gitaarsalon","og_url":"https:\/\/gitaarsalon.nl\/en\/masterclasses\/","og_site_name":"Gitaarsalon","article_modified_time":"2015-08-26T12:10:07+00:00","twitter_misc":{"Est. reading time":"4 minutes"},"schema":{"@context":"https:\/\/schema.org","@graph":[{"@type":"WebPage","@id":"https:\/\/gitaarsalon.nl\/en\/masterclasses\/","url":"https:\/\/gitaarsalon.nl\/en\/masterclasses\/","name":"Masterclasses - Gitaarsalon","isPartOf":{"@id":"https:\/\/gitaarsalon.nl\/#website"},"datePublished":"2013-07-25T11:42:27+00:00","dateModified":"2015-08-26T12:10:07+00:00","breadcrumb":{"@id":"https:\/\/gitaarsalon.nl\/en\/masterclasses\/#breadcrumb"},"inLanguage":"en-US","potentialAction":[{"@type":"ReadAction","target":["https:\/\/gitaarsalon.nl\/en\/masterclasses\/"]}]},{"@type":"BreadcrumbList","@id":"https:\/\/gitaarsalon.nl\/en\/masterclasses\/#breadcrumb","itemListElement":[{"@type":"ListItem","position":1,"name":"Home","item":"https:\/\/gitaarsalon.nl\/en\/home\/"},{"@type":"ListItem","position":2,"name":"Masterclasses"}]},{"@type":"WebSite","@id":"https:\/\/gitaarsalon.nl\/#website","url":"https:\/\/gitaarsalon.nl\/","name":"Gitaarsalon","description":"","potentialAction":[{"@type":"SearchAction","target":{"@type":"EntryPoint","urlTemplate":"https:\/\/gitaarsalon.nl\/?s={search_term_string}"},"query-input":{"@type":"PropertyValueSpecification","valueRequired":true,"valueName":"search_term_string"}}],"inLanguage":"en-US"}]}},"_links":{"self":[{"href":"https:\/\/gitaarsalon.nl\/en\/wp-json\/wp\/v2\/pages\/5259","targetHints":{"allow":["GET"]}}],"collection":[{"href":"https:\/\/gitaarsalon.nl\/en\/wp-json\/wp\/v2\/pages"}],"about":[{"href":"https:\/\/gitaarsalon.nl\/en\/wp-json\/wp\/v2\/types\/page"}],"author":[{"embeddable":true,"href":"https:\/\/gitaarsalon.nl\/en\/wp-json\/wp\/v2\/users\/42"}],"replies":[{"embeddable":true,"href":"https:\/\/gitaarsalon.nl\/en\/wp-json\/wp\/v2\/comments?post=5259"}],"version-history":[{"count":3,"href":"https:\/\/gitaarsalon.nl\/en\/wp-json\/wp\/v2\/pages\/5259\/revisions"}],"predecessor-version":[{"id":5420,"href":"https:\/\/gitaarsalon.nl\/en\/wp-json\/wp\/v2\/pages\/5259\/revisions\/5420"}],"wp:attachment":[{"href":"https:\/\/gitaarsalon.nl\/en\/wp-json\/wp\/v2\/media?parent=5259"}],"curies":[{"name":"wp","href":"https:\/\/api.w.org\/{rel}","templated":true}]}}